{"id":5,"date":"2018-07-04T15:41:09","date_gmt":"2018-07-04T14:41:09","guid":{"rendered":"https:\/\/seulelagravite.wordpress.com\/?page_id=2"},"modified":"2018-12-12T11:04:56","modified_gmt":"2018-12-12T10:04:56","slug":"a-propos","status":"publish","type":"page","link":"https:\/\/histoiresdelitedangerous.bewanderer.net\/index.php\/a-propos\/","title":{"rendered":"\u00c0 propos"},"content":{"rendered":"\n<p>Parce que parfois l&rsquo;implication dans un univers me d\u00e9passe&#8230; Nait alors un besoin irr\u00e9pressible de concr\u00e9tiser cela autrement que par le jeu, comme pour emporter le jeu avec moi. M&rsquo;approprier compl\u00e8tement l&rsquo;univers. Un besoin de poser par \u00e9crit mes propres histoires, mes propres enjeux. Le RP dans toute sa grandeur.<\/p>\n\n\n\n<p>Des r\u00e9cits propos\u00e9s par swaatche.<br>Une production bewanderer!<\/p>\n","protected":false},"excerpt":{"rendered":"<p>Parce que parfois l&rsquo;implication dans un univers me d\u00e9passe&#8230; Nait alors un besoin irr\u00e9pressible de concr\u00e9tiser cela autrement que par le jeu, comme pour emporter le jeu avec moi. M&rsquo;approprier compl\u00e8tement l&rsquo;univers. Un besoin de poser par \u00e9crit mes propres histoires, mes propres enjeux. Le RP dans toute sa grandeur. Des r\u00e9cits propos\u00e9s par swaatche.Une &hellip; <\/p>\n<p class=\"link-more\"><a href=\"https:\/\/histoiresdelitedangerous.bewanderer.net\/index.php\/a-propos\/\" class=\"more-link\">Continuer la lecture<span class=\"screen-reader-text\"> de &laquo;&nbsp;\u00c0 propos&nbsp;&raquo;<\/span><\/a><\/p>\n","protected":false},"author":1,"featured_media":0,"parent":0,"menu_order":1,"comment_status":"closed","ping_status":"closed","template":"","meta":{"jetpack_post_was_ever_published":false,"footnotes":""},"class_list":["post-5","page","type-page","status-publish","hentry"],"jetpack_sharing_enabled":false,"jetpack_shortlink":"https:\/\/wp.me\/PauojN-5","_links":{"self":[{"href":"https:\/\/histoiresdelitedangerous.bewanderer.net\/index.php\/wp-json\/wp\/v2\/pages\/5"}],"collection":[{"href":"https:\/\/histoiresdelitedangerous.bewanderer.net\/index.php\/wp-json\/wp\/v2\/pages"}],"about":[{"href":"https:\/\/histoiresdelitedangerous.bewanderer.net\/index.php\/wp-json\/wp\/v2\/types\/page"}],"author":[{"embeddable":true,"href":"https:\/\/histoiresdelitedangerous.bewanderer.net\/index.php\/wp-json\/wp\/v2\/users\/1"}],"replies":[{"embeddable":true,"href":"https:\/\/histoiresdelitedangerous.bewanderer.net\/index.php\/wp-json\/wp\/v2\/comments?post=5"}],"version-history":[{"count":2,"href":"https:\/\/histoiresdelitedangerous.bewanderer.net\/index.php\/wp-json\/wp\/v2\/pages\/5\/revisions"}],"predecessor-version":[{"id":286,"href":"https:\/\/histoiresdelitedangerous.bewanderer.net\/index.php\/wp-json\/wp\/v2\/pages\/5\/revisions\/286"}],"wp:attachment":[{"href":"https:\/\/histoiresdelitedangerous.bewanderer.net\/index.php\/wp-json\/wp\/v2\/media?parent=5"}],"curies":[{"name":"wp","href":"https:\/\/api.w.org\/{rel}","templated":true}]}}